{"id":89,"date":"2023-05-26T11:20:13","date_gmt":"2023-05-26T09:20:13","guid":{"rendered":"http:\/\/www.lierfeld.com\/?page_id=89"},"modified":"2023-05-30T14:52:16","modified_gmt":"2023-05-30T12:52:16","slug":"wappen-2","status":"publish","type":"page","link":"http:\/\/www.lierfeld.com\/?page_id=89","title":{"rendered":"Wappen"},"content":{"rendered":"<div class=\"wp-block-image\">\n<figure class=\"alignright size-full\"><img loading=\"lazy\" decoding=\"async\" width=\"120\" height=\"133\" src=\"http:\/\/www.lierfeld.com\/wp-content\/uploads\/2023\/05\/cropped-Wappen-1.gif\" alt=\"Wappen der Ortsgemeinde Lierfeld\" class=\"wp-image-87\"\/><\/figure>\n<\/div>\n\n\n<p><strong>BLASONIERUNG:<\/strong><\/p>\n\n\n\n<p>Silber \u00fcber Rot schr\u00e4glinks geteilt durch blau-silbernen Wellenbalken, vorn ein roter einachsiger, mit drei S\u00e4cken beladener Karren mit Deichsel, hinten ein silberner M\u00fchlstein.<br><br><\/p>\n\n\n\n<p><strong>WAPPENBEGR\u00dcNDUNG:<\/strong><br><br>Die Heroldsfarben des Wappen sind Rot und Silber. Es sind die Farben der Herrschaften Kurf\u00fcrstentum Trier und Sch\u00f6necken. Beiden H\u00e4user geh\u00f6rten im Kondominium Pronsfeld in Lierfeld mehrere H\u00f6fe. Die Schr\u00e4gteilung durch den Wellenbalken bezieht sich auf den Merlbach, an dem \u00fcber Jahrhunderte eine Wasserm\u00fchle betrieben wurde, symbolisiert durch den M\u00fchlstein. Der einfache, schon in der Antike in dieser Form verwendete Karren, weist auf die seit der Vorgeschichte bestehenden Handelswege f\u00fcr den Nah- und Fernbereich hin.<\/p>\n\n\n\n<p><br><\/p>\n\n\n\n<p><strong>ENTWURF, ZEICHNUNG und TEXT:<\/strong><\/p>\n\n\n\n<p>Dr. Christian Credner, Trier; unter Mitwirkung der Gemeindemitglieder Arnold Hoffmann, Marion M\u00fcsch, Heinz M\u00fcsch (Ortsb\u00fcrgermeister), Susanne Tautges-Pick, Alfred Pick und Willi Thielen.<\/p>\n\n\n\n<p><\/p>\n\n\n\n<p><\/p>\n","protected":false},"excerpt":{"rendered":"<p>BLASONIERUNG: Silber \u00fcber Rot schr\u00e4glinks geteilt durch blau-silbernen Wellenbalken, vorn ein roter einachsiger, mit drei S\u00e4cken beladener Karren mit Deichsel, hinten ein silberner M\u00fchlstein. WAPPENBEGR\u00dcNDUNG: Die Heroldsfarben des Wappen sind Rot und Silber. Es sind die Farben der Herrschaften Kurf\u00fcrstentum<\/p>\n","protected":false},"author":1,"featured_media":0,"parent":0,"menu_order":0,"comment_status":"closed","ping_status":"closed","template":"","meta":{"footnotes":""},"class_list":["post-89","page","type-page","status-publish","hentry"],"_links":{"self":[{"href":"http:\/\/www.lierfeld.com\/index.php?rest_route=\/wp\/v2\/pages\/89","targetHints":{"allow":["GET"]}}],"collection":[{"href":"http:\/\/www.lierfeld.com\/index.php?rest_route=\/wp\/v2\/pages"}],"about":[{"href":"http:\/\/www.lierfeld.com\/index.php?rest_route=\/wp\/v2\/types\/page"}],"author":[{"embeddable":true,"href":"http:\/\/www.lierfeld.com\/index.php?rest_route=\/wp\/v2\/users\/1"}],"replies":[{"embeddable":true,"href":"http:\/\/www.lierfeld.com\/index.php?rest_route=%2Fwp%2Fv2%2Fcomments&post=89"}],"version-history":[{"count":8,"href":"http:\/\/www.lierfeld.com\/index.php?rest_route=\/wp\/v2\/pages\/89\/revisions"}],"predecessor-version":[{"id":101,"href":"http:\/\/www.lierfeld.com\/index.php?rest_route=\/wp\/v2\/pages\/89\/revisions\/101"}],"wp:attachment":[{"href":"http:\/\/www.lierfeld.com\/index.php?rest_route=%2Fwp%2Fv2%2Fmedia&parent=89"}],"curies":[{"name":"wp","href":"https:\/\/api.w.org\/{rel}","templated":true}]}}