{"id":14,"date":"2021-02-04T14:14:17","date_gmt":"2021-02-04T13:14:17","guid":{"rendered":"http:\/\/www.lierfeld.com\/?page_id=14"},"modified":"2024-07-17T08:05:23","modified_gmt":"2024-07-17T06:05:23","slug":"ortsgemeinderat","status":"publish","type":"page","link":"http:\/\/www.lierfeld.com\/?page_id=14","title":{"rendered":"Ortsgemeinderat"},"content":{"rendered":"\n<p>J\u00e4ger, Marcus<br>M\u00fcsch, Frank<br>M\u00fcsch, Thomas<br>Otto, Michael<br>Pick, Johannes<br>Propson, Manuela (1. Beigeordnete)<\/p>\n","protected":false},"excerpt":{"rendered":"<p>J\u00e4ger, MarcusM\u00fcsch, FrankM\u00fcsch, ThomasOtto, MichaelPick, JohannesPropson, Manuela (1. Beigeordnete)<\/p>\n","protected":false},"author":1,"featured_media":0,"parent":0,"menu_order":0,"comment_status":"closed","ping_status":"closed","template":"","meta":{"footnotes":""},"class_list":["post-14","page","type-page","status-publish","hentry"],"_links":{"self":[{"href":"http:\/\/www.lierfeld.com\/index.php?rest_route=\/wp\/v2\/pages\/14","targetHints":{"allow":["GET"]}}],"collection":[{"href":"http:\/\/www.lierfeld.com\/index.php?rest_route=\/wp\/v2\/pages"}],"about":[{"href":"http:\/\/www.lierfeld.com\/index.php?rest_route=\/wp\/v2\/types\/page"}],"author":[{"embeddable":true,"href":"http:\/\/www.lierfeld.com\/index.php?rest_route=\/wp\/v2\/users\/1"}],"replies":[{"embeddable":true,"href":"http:\/\/www.lierfeld.com\/index.php?rest_route=%2Fwp%2Fv2%2Fcomments&post=14"}],"version-history":[{"count":4,"href":"http:\/\/www.lierfeld.com\/index.php?rest_route=\/wp\/v2\/pages\/14\/revisions"}],"predecessor-version":[{"id":617,"href":"http:\/\/www.lierfeld.com\/index.php?rest_route=\/wp\/v2\/pages\/14\/revisions\/617"}],"wp:attachment":[{"href":"http:\/\/www.lierfeld.com\/index.php?rest_route=%2Fwp%2Fv2%2Fmedia&parent=14"}],"curies":[{"name":"wp","href":"https:\/\/api.w.org\/{rel}","templated":true}]}}